{"id":2241,"date":"2019-06-03T10:39:16","date_gmt":"2019-06-03T10:39:16","guid":{"rendered":"https:\/\/onlineinnovation.se\/?page_id=2241"},"modified":"2019-06-03T11:23:17","modified_gmt":"2019-06-03T11:23:17","slug":"webbdesign","status":"publish","type":"page","link":"https:\/\/onlineinnovation.se\/index.php\/webbdesign\/","title":{"rendered":"Webbdesign"},"content":{"rendered":"<div class=\"wpb-content-wrapper\"><p>[vc_row bg_type=&#8221;image&#8221; parallax_style=&#8221;vcpb-vz-jquery&#8221; bg_image_new=&#8221;id^2203|url^https:\/\/onlineinnovation.se\/wp-content\/uploads\/2019\/05\/Annonsering-online-innovation.jpg|caption^null|alt^null|title^Annonsering online innovation|description^null&#8221; bg_image_repeat=&#8221;no-repeat&#8221; bg_override=&#8221;ex-full&#8221; type=&#8221;vc_default&#8221; margin_top=&#8221;-50&#8243; css=&#8221;.vc_custom_1559385363805{padding-top: 10% !important;padding-bottom: 10% !important;background-color: #0b5482 !important;}&#8221;][vc_column offset=&#8221;vc_col-lg-12 vc_col-md-12&#8243; css=&#8221;.vc_custom_1526058643829{padding-top: 100px !important;padding-bottom: 20px !important;}&#8221;]<div id=\"ultimate-heading-160569f0cd6f46d26\" class=\"uvc-heading ult-adjust-bottom-margin ultimate-heading-160569f0cd6f46d26 uvc-698 accent-subtitle-color\" data-hspacer=\"no_spacer\"  data-halign=\"center\" style=\"text-align:center\"><div class=\"uvc-heading-spacer no_spacer\" style=\"top\"><\/div><div class=\"uvc-main-heading ult-responsive\"  data-ultimate-target='.uvc-heading.ultimate-heading-160569f0cd6f46d26 h2'  data-responsive-json-new='{\"font-size\":\"desktop:70px;mobile_landscape:30px;\",\"line-height\":\"desktop:80px;mobile_landscape:40px;\"}' ><h2 style=\"--font-weight:theme;color:#ffffff;\">Webbdesign<\/h2><\/div><\/div><style type=\"text\/css\" data-type=\"the7_shortcodes-inline-css\">.dt-breadcrumbs-id-81fd1249f36a695bde73b848b379b3e1 .breadcrumbs {\n  display: inline-block;\n  margin: 0;\n  padding: 3px 10px 3px 10px;\n  background: rgba(255,255,255,0.15);\n  border: 0px solid rgba(255,255,255,0.25);\n  border-radius: 5px;\n}\n.dt-breadcrumbs-id-81fd1249f36a695bde73b848b379b3e1 .breadcrumbs * {\n  font-size: 13px;\n  line-height: 16px;\n  color: #ffffff;\n}<\/style><div class=\"dt-breadcrumbs-shortcode dt-breadcrumbs-id-81fd1249f36a695bde73b848b379b3e1 align-centre\"><div class=\"assistive-text\">Du \u00e4r h\u00e4r:<\/div><ol class=\"breadcrumbs text-small\" itemscope itemtype=\"https:\/\/schema.org\/BreadcrumbList\"><li itemprop=\"itemListElement\" itemscope itemtype=\"https:\/\/schema.org\/ListItem\"><a itemprop=\"item\" href=\"https:\/\/onlineinnovation.se\/\" title=\"Startsida\"><span itemprop=\"name\">Startsida<\/span><\/a><meta itemprop=\"position\" content=\"1\" \/><\/li><li class=\"current\" itemprop=\"itemListElement\" itemscope itemtype=\"https:\/\/schema.org\/ListItem\"><span itemprop=\"name\">Sida<\/span><meta itemprop=\"position\" content=\"2\" \/><\/li><\/ol><\/div>[\/vc_column][\/vc_row][vc_row type=&#8221;vc_default&#8221; css=&#8221;.vc_custom_1490276038258{padding-top: 70px !important;padding-bottom: 30px !important;}&#8221;][vc_column offset=&#8221;vc_col-lg-6 vc_col-md-6 vc_col-xs-12&#8243; css=&#8221;.vc_custom_1490268456882{padding-bottom: 50px !important;}&#8221;][vc_column_text]Vi \u00e4r ett dedikerat webbdesign f\u00f6retag och v\u00e5rt fokus ligger p\u00e5 att designa din hemsida f\u00f6r att passa ditt individuella behov. Utseendet och k\u00e4nslan av hemsidan \u00e4r en av de viktigaste delarna i skapandet. Med v\u00e5r erfarenhet och kunskap kan du vara s\u00e4ker p\u00e5 att din hemsida blir precis det du f\u00f6rest\u00e4ller dig.[\/vc_column_text]<div id=\"ultimate-heading-960969f0cd6f46e94\" class=\"uvc-heading ult-adjust-bottom-margin ultimate-heading-960969f0cd6f46e94 uvc-239 accent-border-color\" data-hspacer=\"line_only\"  data-halign=\"left\" style=\"text-align:left\"><div class=\"uvc-main-heading ult-responsive\"  data-ultimate-target='.uvc-heading.ultimate-heading-960969f0cd6f46e94 h2'  data-responsive-json-new='{\"font-size\":\"desktop:26px;\",\"line-height\":\"desktop:36px;\"}' ><h2 style=\"--font-weight:theme;margin-bottom:10px;\">Portabel och Station\u00e4r Webbdesign<\/h2><\/div><div class=\"uvc-heading-spacer line_only\" style=\"margin-bottom:45px;height:3px;\"><span class=\"uvc-headings-line\" style=\"border-style:solid;border-bottom-width:3px;border-color:#ccc;width:70px;\"><\/span><\/div><\/div>[vc_column_text]Online Innovations s\u00e4tt att se p\u00e5 processen av webbdesign best\u00e5r av mycket mer \u00e4n bara den visuella effekten en hemsida. Det omfattar planering, produktion, forskning och annonsering samt \u00e4ven integrationen av andra grafiska medier s\u00e5som video, multimedia produktioner och sociala medier.[\/vc_column_text]<div id=\"ultimate-heading-284669f0cd6f46eeb\" class=\"uvc-heading ult-adjust-bottom-margin ultimate-heading-284669f0cd6f46eeb uvc-625 accent-border-color\" data-hspacer=\"line_only\"  data-halign=\"left\" style=\"text-align:left\"><div class=\"uvc-main-heading ult-responsive\"  data-ultimate-target='.uvc-heading.ultimate-heading-284669f0cd6f46eeb h2'  data-responsive-json-new='{\"font-size\":\"desktop:26px;\",\"line-height\":\"desktop:36px;\"}' ><h2 style=\"--font-weight:theme;margin-bottom:10px;\">Hemsidelayout design<\/h2><\/div><div class=\"uvc-heading-spacer line_only\" style=\"margin-bottom:45px;height:3px;\"><span class=\"uvc-headings-line\" style=\"border-style:solid;border-bottom-width:3px;border-color:#ccc;width:70px;\"><\/span><\/div><\/div>[vc_column_text]Bra hemsidelayout och webbdesign tar h\u00e4nsyn till anv\u00e4ndarnas webbl\u00e4sare och anv\u00e4ndargr\u00e4nssnitt, och kommer fr\u00e5n en ordentlig f\u00f6rst\u00e5else av industrins mest f\u00f6redragna och b\u00e4sta praxis. V\u00e5r erfarenhet kring webbdesign g\u00f6r det m\u00f6jligt f\u00f6r oss att ge r\u00e5d kring och designa hemsidor (station\u00e4r &amp; mobil anpassat) som \u00e4r formade f\u00f6r majoriteten av anv\u00e4ndare, men som ocks\u00e5 kan skalas och tillgodose behovet f\u00f6r anv\u00e4ndare p\u00e5 b\u00e5da sidor av normen.[\/vc_column_text]<div id=\"ultimate-heading-661369f0cd6f46f5e\" class=\"uvc-heading ult-adjust-bottom-margin ultimate-heading-661369f0cd6f46f5e uvc-2044 accent-border-color\" data-hspacer=\"line_only\"  data-halign=\"left\" style=\"text-align:left\"><div class=\"uvc-main-heading ult-responsive\"  data-ultimate-target='.uvc-heading.ultimate-heading-661369f0cd6f46f5e h2'  data-responsive-json-new='{\"font-size\":\"desktop:26px;\",\"line-height\":\"desktop:36px;\"}' ><h2 style=\"--font-weight:theme;margin-bottom:10px;\">Visuell och Grafisk Webbdesign<\/h2><\/div><div class=\"uvc-heading-spacer line_only\" style=\"margin-bottom:45px;height:3px;\"><span class=\"uvc-headings-line\" style=\"border-style:solid;border-bottom-width:3px;border-color:#ccc;width:70px;\"><\/span><\/div><\/div>[vc_column_text]Precis som trender kring mode och prylar, s\u00e5 utvecklas applikationer och hemsidor online.[\/vc_column_text][\/vc_column][vc_column offset=&#8221;vc_col-lg-6 vc_col-md-6 vc_col-xs-12&#8243; css=&#8221;.vc_custom_1490268460084{padding-bottom: 50px !important;}&#8221;][vc_column_text]P\u00e5 Online Innovation spenderar vi mycket tid p\u00e5 internet med forskning och identifiering av vad som \u00e4r attraktivt och fungerar f\u00f6r st\u00f6rre publiker.<\/p>\n<p>Som ett resulutat av f\u00e5r forskning, kan vi balancera estetiken och den generella webbdesignen med hemsidans inneh\u00e5ll &#8211; vilket f\u00f6rs\u00e4krar att v\u00e5ra hemsidor inte bara ser fantastiska ut, men att anv\u00e4ndarna ocks\u00e5 l\u00e4tt kan navigera sidorna och hitta information enkelt.[\/vc_column_text]<div id=\"ultimate-heading-856469f0cd6f46fa6\" class=\"uvc-heading ult-adjust-bottom-margin ultimate-heading-856469f0cd6f46fa6 uvc-1848 accent-border-color\" data-hspacer=\"line_only\"  data-halign=\"left\" style=\"text-align:left\"><div class=\"uvc-main-heading ult-responsive\"  data-ultimate-target='.uvc-heading.ultimate-heading-856469f0cd6f46fa6 h2'  data-responsive-json-new='{\"font-size\":\"desktop:26px;\",\"line-height\":\"desktop:36px;\"}' ><h2 style=\"--font-weight:theme;margin-bottom:10px;\">Anv\u00e4ndarv\u00e4nlig Design<\/h2><\/div><div class=\"uvc-heading-spacer line_only\" style=\"margin-bottom:45px;height:3px;\"><span class=\"uvc-headings-line\" style=\"border-style:solid;border-bottom-width:3px;border-color:#ccc;width:70px;\"><\/span><\/div><\/div>[vc_column_text css=&#8221;.vc_custom_1559556614787{padding-bottom: 35px !important;}&#8221;]N\u00e4r man designar en hemsida \u00e4r den st\u00f6rsta utmaningen att balansera estetiken, det \u00e4r viktigt med anv\u00e4ndarv\u00e4nlighet och l\u00e4ttillg\u00e4nglighet s\u00e5 att hemsidan tillm\u00f6tesg\u00e5r s\u00e5 m\u00e5nga anv\u00e4ndare som m\u00f6jligt, oavsett anv\u00e4ndarens erfarenhet. N\u00e4r vi designar hemsidans layout fokuserar vi prim\u00e4rt p\u00e5 att sidan ska bli intuitiv, l\u00e4tt att f\u00f6rst\u00e5 och tydligt m\u00e4rkt.[\/vc_column_text]<div id=\"ultimate-heading-661269f0cd6f46ff6\" class=\"uvc-heading ult-adjust-bottom-margin ultimate-heading-661269f0cd6f46ff6 uvc-968 accent-border-color\" data-hspacer=\"line_only\"  data-halign=\"left\" style=\"text-align:left\"><div class=\"uvc-main-heading ult-responsive\"  data-ultimate-target='.uvc-heading.ultimate-heading-661269f0cd6f46ff6 h2'  data-responsive-json-new='{\"font-size\":\"desktop:26px;\",\"line-height\":\"desktop:36px;\"}' ><h2 style=\"--font-weight:theme;margin-bottom:10px;\">Multimedia Design and Produktion<\/h2><\/div><div class=\"uvc-heading-spacer line_only\" style=\"margin-bottom:45px;height:3px;\"><span class=\"uvc-headings-line\" style=\"border-style:solid;border-bottom-width:3px;border-color:#ccc;width:70px;\"><\/span><\/div><\/div>[vc_column_text css=&#8221;.vc_custom_1559558226292{padding-bottom: 35px !important;}&#8221;]Vi \u00e4r experter p\u00e5 multimedia design och har stor erfarenhet av att arbeta i Adobe graphic, video och multimedia applikationer. Online innovation har ett skarpt \u00f6ga n\u00e4r det kommer till utseendet av digital media och det kommer naturligt att skapa visuellt tillfredsst\u00e4llande hemsidor f\u00f6r v\u00e5ra klienter.<\/p>\n<p>Genom att kombinera erfarenhet, expertis, grafik, animationer, ljud och video kan vi producera multimedia element som ger liv till ditt varum\u00e4rke, produkter och tj\u00e4nster; vilket \u00f6ppnar m\u00f6jligheten att ge prospekt en djupare blick in i ditt f\u00f6retag eller varum\u00e4rke.<\/p>\n<h2><\/h2>\n<p>&nbsp;<\/p>\n<h2><\/h2>\n<p>[\/vc_column_text][\/vc_column][\/vc_row]<\/p>\n<\/div>","protected":false},"excerpt":{"rendered":"<p>[vc_row bg_type=&#8221;image&#8221; parallax_style=&#8221;vcpb-vz-jquery&#8221; bg_image_new=&#8221;id^2203|url^https:\/\/onlineinnovation.se\/wp-content\/uploads\/2019\/05\/Annonsering-online-innovation.jpg|caption^null|alt^null|title^Annonsering online innovation|description^null&#8221; bg_image_repeat=&#8221;no-repeat&#8221; bg_override=&#8221;ex-full&#8221; type=&#8221;vc_default&#8221; margin_top=&#8221;-50&#8243; css=&#8221;.vc_custom_1559385363805{padding-top: 10% !important;padding-bottom: 10% !important;background-color: #0b5482 !important;}&#8221;][vc_column offset=&#8221;vc_col-lg-12 vc_col-md-12&#8243; css=&#8221;.vc_custom_1526058643829{padding-top: 100px !important;padding-bottom: 20px !important;}&#8221;][\/vc_column][\/vc_row][vc_row type=&#8221;vc_default&#8221; css=&#8221;.vc_custom_1490276038258{padding-top: 70px !important;padding-bottom: 30px !important;}&#8221;][vc_column offset=&#8221;vc_col-lg-6 vc_col-md-6 vc_col-xs-12&#8243; css=&#8221;.vc_custom_1490268456882{padding-bottom: 50px !important;}&#8221;][vc_column_text]Vi \u00e4r ett dedikerat webbdesign f\u00f6retag och v\u00e5rt fokus ligger p\u00e5 att designa din hemsida f\u00f6r att passa ditt individuella&hellip;<\/p>\n","protected":false},"author":3,"featured_media":0,"parent":0,"menu_order":10,"comment_status":"closed","ping_status":"closed","template":"","meta":{"footnotes":""},"class_list":["post-2241","page","type-page","status-publish","hentry","description-off"],"_links":{"self":[{"href":"https:\/\/onlineinnovation.se\/index.php\/wp-json\/wp\/v2\/pages\/2241","targetHints":{"allow":["GET"]}}],"collection":[{"href":"https:\/\/onlineinnovation.se\/index.php\/wp-json\/wp\/v2\/pages"}],"about":[{"href":"https:\/\/onlineinnovation.se\/index.php\/wp-json\/wp\/v2\/types\/page"}],"author":[{"embeddable":true,"href":"https:\/\/onlineinnovation.se\/index.php\/wp-json\/wp\/v2\/users\/3"}],"replies":[{"embeddable":true,"href":"https:\/\/onlineinnovation.se\/index.php\/wp-json\/wp\/v2\/comments?post=2241"}],"version-history":[{"count":12,"href":"https:\/\/onlineinnovation.se\/index.php\/wp-json\/wp\/v2\/pages\/2241\/revisions"}],"predecessor-version":[{"id":2254,"href":"https:\/\/onlineinnovation.se\/index.php\/wp-json\/wp\/v2\/pages\/2241\/revisions\/2254"}],"wp:attachment":[{"href":"https:\/\/onlineinnovation.se\/index.php\/wp-json\/wp\/v2\/media?parent=2241"}],"curies":[{"name":"wp","href":"https:\/\/api.w.org\/{rel}","templated":true}]}}