{"id":2256,"date":"2019-06-03T11:53:08","date_gmt":"2019-06-03T11:53:08","guid":{"rendered":"https:\/\/onlineinnovation.se\/?page_id=2256"},"modified":"2019-06-05T19:09:47","modified_gmt":"2019-06-05T19:09:47","slug":"seo","status":"publish","type":"page","link":"https:\/\/onlineinnovation.se\/index.php\/seo\/","title":{"rendered":"S\u00f6koptimering"},"content":{"rendered":"<div class=\"wpb-content-wrapper\"><p>[vc_row bg_type=&#8221;image&#8221; parallax_style=&#8221;vcpb-vz-jquery&#8221; bg_image_new=&#8221;id^2261|url^https:\/\/onlineinnovation.se\/wp-content\/uploads\/2019\/06\/SO\u0308KOPTIMERING-ONLINEINNOVATION-1.jpg|caption^null|alt^null|title^SO\u0308KOPTIMERING ONLINEINNOVATION|description^null&#8221; bg_image_repeat=&#8221;no-repeat&#8221; bg_override=&#8221;ex-full&#8221; type=&#8221;vc_default&#8221; margin_top=&#8221;-50&#8243; css=&#8221;.vc_custom_1559561589150{padding-top: 10% !important;padding-bottom: 10% !important;background-color: #0b5482 !important;}&#8221;][vc_column offset=&#8221;vc_col-lg-12 vc_col-md-12&#8243; css=&#8221;.vc_custom_1526058643829{padding-top: 100px !important;padding-bottom: 20px !important;}&#8221;]<div id=\"ultimate-heading-300969f0cd3b6a068\" class=\"uvc-heading ult-adjust-bottom-margin ultimate-heading-300969f0cd3b6a068 uvc-698 accent-subtitle-color\" data-hspacer=\"no_spacer\"  data-halign=\"center\" style=\"text-align:center\"><div class=\"uvc-heading-spacer no_spacer\" style=\"top\"><\/div><div class=\"uvc-main-heading ult-responsive\"  data-ultimate-target='.uvc-heading.ultimate-heading-300969f0cd3b6a068 h2'  data-responsive-json-new='{\"font-size\":\"desktop:70px;mobile_landscape:30px;\",\"line-height\":\"desktop:80px;mobile_landscape:40px;\"}' ><h2 style=\"--font-weight:theme;color:#ffffff;\">S\u00f6koptimering (SEO)<\/h2><\/div><\/div><style type=\"text\/css\" data-type=\"the7_shortcodes-inline-css\">.dt-breadcrumbs-id-81fd1249f36a695bde73b848b379b3e1 .breadcrumbs {\n  display: inline-block;\n  margin: 0;\n  padding: 3px 10px 3px 10px;\n  background: rgba(255,255,255,0.15);\n  border: 0px solid rgba(255,255,255,0.25);\n  border-radius: 5px;\n}\n.dt-breadcrumbs-id-81fd1249f36a695bde73b848b379b3e1 .breadcrumbs * {\n  font-size: 13px;\n  line-height: 16px;\n  color: #ffffff;\n}<\/style><div class=\"dt-breadcrumbs-shortcode dt-breadcrumbs-id-81fd1249f36a695bde73b848b379b3e1 align-centre\"><div class=\"assistive-text\">Du \u00e4r h\u00e4r:<\/div><ol class=\"breadcrumbs text-small\" itemscope itemtype=\"https:\/\/schema.org\/BreadcrumbList\"><li itemprop=\"itemListElement\" itemscope itemtype=\"https:\/\/schema.org\/ListItem\"><a itemprop=\"item\" href=\"https:\/\/onlineinnovation.se\/\" title=\"Startsida\"><span itemprop=\"name\">Startsida<\/span><\/a><meta itemprop=\"position\" content=\"1\" \/><\/li><li class=\"current\" itemprop=\"itemListElement\" itemscope itemtype=\"https:\/\/schema.org\/ListItem\"><span itemprop=\"name\">Sida<\/span><meta itemprop=\"position\" content=\"2\" \/><\/li><\/ol><\/div>[\/vc_column][\/vc_row][vc_row type=&#8221;vc_default&#8221; css=&#8221;.vc_custom_1490276038258{padding-top: 70px !important;padding-bottom: 30px !important;}&#8221;][vc_column offset=&#8221;vc_col-lg-6 vc_col-md-6 vc_col-xs-12&#8243; css=&#8221;.vc_custom_1490268456882{padding-bottom: 50px !important;}&#8221;][vc_column_text]S\u00f6koptimering (SEO) \u00e4r ett kritisk aspekt om man vill synas p\u00e5 n\u00e4tet. Kom ih\u00e5g att inte blanda ihop S\u00f6kmotormarknadsf\u00f6ring (SEM) som ist\u00e4llet fokuserar p\u00e5 &#8221;betala-per-klick&#8221; (PPC) marknadsf\u00f6ring f\u00f6r att skapa trafik.<\/p>\n<p>Kunder v\u00e4nder sig allt mer till internet som sin f\u00f6rsta unders\u00f6kningsmetod i sin k\u00f6psprocess, vilket f\u00f6rklarar varf\u00f6r vikten av att kunna hittas p\u00e5 internet \u00e4r enorm. Man kan med s\u00e4kerhet s\u00e4ga att om kunderna inte hittar dig online, s\u00e5 hittar dem garanterat dina konkurrenter.<\/p>\n<p>Processen s\u00f6koptimering inneb\u00e4r att man f\u00f6rb\u00e4ttrar visibiliteten och tillg\u00e4ngligheten av en hemsida p\u00e5 s\u00f6kmotorernas resultatsidor (SERPs). Po\u00e4ngen \u00e4r huvudsakligen att f\u00e5 avkastning p\u00e5 sin investering, medans man f\u00f6rs\u00f6ker n\u00e5 topp rankning utan att beh\u00f6va betala sin v\u00e4g till toppen av s\u00f6kmotorer.[\/vc_column_text]<div id=\"ultimate-heading-957569f0cd3b6a231\" class=\"uvc-heading ult-adjust-bottom-margin ultimate-heading-957569f0cd3b6a231 uvc-2909 accent-border-color\" data-hspacer=\"line_only\"  data-halign=\"left\" style=\"text-align:left\"><div class=\"uvc-main-heading ult-responsive\"  data-ultimate-target='.uvc-heading.ultimate-heading-957569f0cd3b6a231 h2'  data-responsive-json-new='{\"font-size\":\"desktop:26px;\",\"line-height\":\"desktop:36px;\"}' ><h2 style=\"--font-weight:theme;margin-bottom:10px;\">SEO Experter<\/h2><\/div><div class=\"uvc-heading-spacer line_only\" style=\"margin-bottom:45px;height:3px;\"><span class=\"uvc-headings-line\" style=\"border-style:solid;border-bottom-width:3px;border-color:#ccc;width:70px;\"><\/span><\/div><\/div>[vc_column_text]S\u00f6kmotorerna utvecklas och uppdateras st\u00e4ndigt &#8211; vi l\u00e4gger ner mycket tid p\u00e5 att h\u00e5lla oss ajour om hur man fullt utnyttjar s\u00f6kmotorernas tj\u00e4nster och operationer. P\u00e5 Online Innovation tar vi h\u00e4nsyn till allt fr\u00e5n hur s\u00f6kmotorerna fungerar och vad folk s\u00f6ker efter; till vad de faktiska s\u00f6korden som anv\u00e4nds och vilken s\u00f6kmotor som f\u00f6redras av den aktuella m\u00e5lgruppen.<\/p>\n<p>V\u00e5ra webbutvecklare optimerar hemsidor under utvecklingen och design processen, vilket s\u00e4kerst\u00e4ller att dem \u00e4r s\u00f6kmotorv\u00e4nliga. Detta involverar inte bara sidlayouten men ocks\u00e5 hur inneh\u00e5llet och information blir tolkad eller m\u00e4rkt.[\/vc_column_text]<div id=\"ultimate-heading-807769f0cd3b6a28c\" class=\"uvc-heading ult-adjust-bottom-margin ultimate-heading-807769f0cd3b6a28c uvc-111 accent-border-color\" data-hspacer=\"line_only\"  data-halign=\"left\" style=\"text-align:left\"><div class=\"uvc-main-heading ult-responsive\"  data-ultimate-target='.uvc-heading.ultimate-heading-807769f0cd3b6a28c h2'  data-responsive-json-new='{\"font-size\":\"desktop:26px;\",\"line-height\":\"desktop:36px;\"}' ><h2 style=\"--font-weight:theme;margin-bottom:10px;\">SEO Verktyg<\/h2><\/div><div class=\"uvc-heading-spacer line_only\" style=\"margin-bottom:45px;height:3px;\"><span class=\"uvc-headings-line\" style=\"border-style:solid;border-bottom-width:3px;border-color:#ccc;width:70px;\"><\/span><\/div><\/div>[vc_column_text]Om \u00e4r seri\u00f6s med att ha ett f\u00f6rspr\u00e5ng p\u00e5 dina konkurrenter p\u00e5 s\u00f6kmotorresultat sidorna (SERPs) , s\u00e5 b\u00f6r du veta att s\u00f6koptimering (SEO) \u00e4r en p\u00e5g\u00e5ende och \u00e4ndl\u00f6s process. Det \u00e4r helt om\u00f6jligt att f\u00f6rutsp\u00e5 n\u00e4r Google kommer bes\u00f6ka din hemsida och hur de kommer processera, indexa och tolka ditt inneh\u00e5ll, speciellt som en nystartad hemsida. Med det sagt kan en bra rankning p\u00e5 Google&#8217;s SERPs i vissa fall ta m\u00e5nader av \u00f6vervakning och justeringar.<\/p>\n<p>[\/vc_column_text][\/vc_column][vc_column offset=&#8221;vc_col-lg-6 vc_col-md-6 vc_col-xs-12&#8243; css=&#8221;.vc_custom_1490268460084{padding-bottom: 50px !important;}&#8221;][vc_column_text]Det \u00e4r viktigt f\u00f6r oss att kunna ge v\u00e5ra kunder de r\u00e4tta r\u00e5den, tr\u00e4ning och verkyg, eftersom majoriteten av dem v\u00e4ljer att sk\u00f6ta sin hemsidor sj\u00e4lva (genom ett inneh\u00e5llshanterings system). Vi ger ocks\u00e5 v\u00e5ra kunder den r\u00e4tta tr\u00e4ningen och verktygen som beh\u00f6vs f\u00f6r att underh\u00e5lla sina hemsidors SEO sj\u00e4lva och f\u00f6r att se till att inneh\u00e5llet \u00e4r tillr\u00e4ckligt bra kvalitet f\u00f6r framg\u00e5nsrika SEO resultat.<\/p>\n<p>Online Innovation gillar att h\u00e5lla saker enkelt f\u00f6r sina kunder. Vi utvecklar v\u00e5rt inneh\u00e5llssystem (CMS) kring v\u00e5r kunds unika behov och s\u00e4kerst\u00e4ller att de har ett starkt fokus p\u00e5 att h\u00e5lla hanteringen av hemsidans SEO s\u00e5 enkel som m\u00f6jligt.[\/vc_column_text]<div id=\"ultimate-heading-324969f0cd3b6a2d3\" class=\"uvc-heading ult-adjust-bottom-margin ultimate-heading-324969f0cd3b6a2d3 uvc-8625 accent-border-color\" data-hspacer=\"line_only\"  data-halign=\"left\" style=\"text-align:left\"><div class=\"uvc-main-heading ult-responsive\"  data-ultimate-target='.uvc-heading.ultimate-heading-324969f0cd3b6a2d3 h2'  data-responsive-json-new='{\"font-size\":\"desktop:26px;\",\"line-height\":\"desktop:36px;\"}' ><h2 style=\"--font-weight:theme;margin-bottom:10px;\">SEO R\u00e5d<\/h2><\/div><div class=\"uvc-heading-spacer line_only\" style=\"margin-bottom:45px;height:3px;\"><span class=\"uvc-headings-line\" style=\"border-style:solid;border-bottom-width:3px;border-color:#ccc;width:70px;\"><\/span><\/div><\/div>[vc_column_text]Online Innovation har en beundransv\u00e4rd meritlista n\u00e4r det kommer till SEO. Vi l\u00e4gger ner en stor m\u00e4ngd tid p\u00e5 att h\u00e5lla oss uppdaterade p\u00e5 det senaste inom SEO algoritmer och p\u00e5 att f\u00f6rst\u00e5 hur man kan anv\u00e4nda tj\u00e4nsterna till v\u00e5r f\u00f6rdel. Som SEO konsulter \u00e4r v\u00e5rt m\u00e5l att kunna guida v\u00e5ra klienter genom hur man implementerar de b\u00e4sta SEO strategierna, strategier som hj\u00e4lper dem n\u00e5 sina s\u00f6koptimerings m\u00e5l.[\/vc_column_text]<div id=\"ultimate-heading-53069f0cd3b6a31e\" class=\"uvc-heading ult-adjust-bottom-margin ultimate-heading-53069f0cd3b6a31e uvc-3277 accent-border-color\" data-hspacer=\"line_only\"  data-halign=\"left\" style=\"text-align:left\"><div class=\"uvc-main-heading ult-responsive\"  data-ultimate-target='.uvc-heading.ultimate-heading-53069f0cd3b6a31e h2'  data-responsive-json-new='{\"font-size\":\"desktop:26px;\",\"line-height\":\"desktop:36px;\"}' ><h2 style=\"--font-weight:theme;margin-bottom:10px;\">SEO Specialister<\/h2><\/div><div class=\"uvc-heading-spacer line_only\" style=\"margin-bottom:45px;height:3px;\"><span class=\"uvc-headings-line\" style=\"border-style:solid;border-bottom-width:3px;border-color:#ccc;width:70px;\"><\/span><\/div><\/div>[vc_column_text css=&#8221;.vc_custom_1559583739314{padding-bottom: 35px !important;}&#8221;]Online Innovation erbjuder s\u00f6koptimering som en frist\u00e5ende tj\u00e4nst men kom ih\u00e5g att effektiv SEO kan kr\u00e4va \u00e4ndringar i HTML k\u00e4llkoden av hemsidan och hemsidans inneh\u00e5ll. Vi uppmuntrar v\u00e5ra kunder att l\u00e5ta oss implementera SEO taktiker i hemsidan p\u00e5 utvecklings och design niv\u00e5 f\u00f6r b\u00e4sta resultat; eller annars som en del av en bredare SEM kampanj.<\/p>\n<p>Om vi f\u00e5r skryta s\u00e5 har v\u00e5r kunskap och bevisade SEO tekniker framg\u00e5ngsrikt placerat m\u00e5nga av v\u00e5ra klienter p\u00e5 topp tre listan av organiska s\u00f6kresultat p\u00e5 de ledande s\u00f6kmotorerna inom v\u00e4ldigt konkurrenskraftiga marknader.[\/vc_column_text][\/vc_column][\/vc_row]<\/p>\n<\/div>","protected":false},"excerpt":{"rendered":"<p>[vc_row bg_type=&#8221;image&#8221; parallax_style=&#8221;vcpb-vz-jquery&#8221; bg_image_new=&#8221;id^2261|url^https:\/\/onlineinnovation.se\/wp-content\/uploads\/2019\/06\/SO\u0308KOPTIMERING-ONLINEINNOVATION-1.jpg|caption^null|alt^null|title^SO\u0308KOPTIMERING ONLINEINNOVATION|description^null&#8221; bg_image_repeat=&#8221;no-repeat&#8221; bg_override=&#8221;ex-full&#8221; type=&#8221;vc_default&#8221; margin_top=&#8221;-50&#8243; css=&#8221;.vc_custom_1559561589150{padding-top: 10% !important;padding-bottom: 10% !important;background-color: #0b5482 !important;}&#8221;][vc_column offset=&#8221;vc_col-lg-12 vc_col-md-12&#8243; css=&#8221;.vc_custom_1526058643829{padding-top: 100px !important;padding-bottom: 20px !important;}&#8221;][\/vc_column][\/vc_row][vc_row type=&#8221;vc_default&#8221; css=&#8221;.vc_custom_1490276038258{padding-top: 70px !important;padding-bottom: 30px !important;}&#8221;][vc_column offset=&#8221;vc_col-lg-6 vc_col-md-6 vc_col-xs-12&#8243; css=&#8221;.vc_custom_1490268456882{padding-bottom: 50px !important;}&#8221;][vc_column_text]S\u00f6koptimering (SEO) \u00e4r ett kritisk aspekt om man vill synas p\u00e5 n\u00e4tet. Kom ih\u00e5g att inte blanda ihop S\u00f6kmotormarknadsf\u00f6ring (SEM) som&hellip;<\/p>\n","protected":false},"author":3,"featured_media":0,"parent":0,"menu_order":10,"comment_status":"closed","ping_status":"closed","template":"","meta":{"footnotes":""},"class_list":["post-2256","page","type-page","status-publish","hentry","description-off"],"_links":{"self":[{"href":"https:\/\/onlineinnovation.se\/index.php\/wp-json\/wp\/v2\/pages\/2256","targetHints":{"allow":["GET"]}}],"collection":[{"href":"https:\/\/onlineinnovation.se\/index.php\/wp-json\/wp\/v2\/pages"}],"about":[{"href":"https:\/\/onlineinnovation.se\/index.php\/wp-json\/wp\/v2\/types\/page"}],"author":[{"embeddable":true,"href":"https:\/\/onlineinnovation.se\/index.php\/wp-json\/wp\/v2\/users\/3"}],"replies":[{"embeddable":true,"href":"https:\/\/onlineinnovation.se\/index.php\/wp-json\/wp\/v2\/comments?post=2256"}],"version-history":[{"count":10,"href":"https:\/\/onlineinnovation.se\/index.php\/wp-json\/wp\/v2\/pages\/2256\/revisions"}],"predecessor-version":[{"id":2270,"href":"https:\/\/onlineinnovation.se\/index.php\/wp-json\/wp\/v2\/pages\/2256\/revisions\/2270"}],"wp:attachment":[{"href":"https:\/\/onlineinnovation.se\/index.php\/wp-json\/wp\/v2\/media?parent=2256"}],"curies":[{"name":"wp","href":"https:\/\/api.w.org\/{rel}","templated":true}]}}