{"id":2272,"date":"2019-06-12T11:12:44","date_gmt":"2019-06-12T11:12:44","guid":{"rendered":"https:\/\/onlineinnovation.se\/?page_id=2272"},"modified":"2019-06-12T11:12:44","modified_gmt":"2019-06-12T11:12:44","slug":"e-handel","status":"publish","type":"page","link":"https:\/\/onlineinnovation.se\/index.php\/e-handel\/","title":{"rendered":"E-Handel"},"content":{"rendered":"<div class=\"wpb-content-wrapper\"><p>[vc_row bg_type=&#8221;image&#8221; parallax_style=&#8221;vcpb-vz-jquery&#8221; bg_image_new=&#8221;id^2278|url^https:\/\/onlineinnovation.se\/wp-content\/uploads\/2019\/06\/onlineinnovation-e-handel.jpg|caption^null|alt^null|title^onlineinnovation e-handel|description^null&#8221; bg_image_repeat=&#8221;no-repeat&#8221; bg_override=&#8221;ex-full&#8221; type=&#8221;vc_default&#8221; margin_top=&#8221;-50&#8243; css=&#8221;.vc_custom_1560337874013{padding-top: 10% !important;padding-bottom: 10% !important;background-color: #0b5482 !important;}&#8221;][vc_column offset=&#8221;vc_col-lg-12 vc_col-md-12&#8243; css=&#8221;.vc_custom_1526058643829{padding-top: 100px !important;padding-bottom: 20px !important;}&#8221;]<div id=\"ultimate-heading-471669f0cd67eb4c4\" class=\"uvc-heading ult-adjust-bottom-margin ultimate-heading-471669f0cd67eb4c4 uvc-9686 accent-subtitle-color\" data-hspacer=\"no_spacer\"  data-halign=\"center\" style=\"text-align:center\"><div class=\"uvc-heading-spacer no_spacer\" style=\"top\"><\/div><div class=\"uvc-main-heading ult-responsive\"  data-ultimate-target='.uvc-heading.ultimate-heading-471669f0cd67eb4c4 h2'  data-responsive-json-new='{\"font-size\":\"desktop:70px;mobile_landscape:30px;\",\"line-height\":\"desktop:80px;mobile_landscape:40px;\"}' ><h2 style=\"--font-weight:theme;color:#020202;\">E-Handel<\/h2><\/div><\/div><style type=\"text\/css\" data-type=\"the7_shortcodes-inline-css\">.dt-breadcrumbs-id-5ee29ef7c8609fd582c4adb5af26aec7 .breadcrumbs {\n  display: inline-block;\n  margin: 0;\n  padding: 3px 10px 3px 10px;\n  background: rgba(255,255,255,0.15);\n  border: 0px solid rgba(255,255,255,0.25);\n  border-radius: 5px;\n}\n.dt-breadcrumbs-id-5ee29ef7c8609fd582c4adb5af26aec7 .breadcrumbs * {\n  font-size: 13px;\n  line-height: 16px;\n  color: #020202;\n}<\/style><div class=\"dt-breadcrumbs-shortcode dt-breadcrumbs-id-5ee29ef7c8609fd582c4adb5af26aec7 align-centre\"><div class=\"assistive-text\">Du \u00e4r h\u00e4r:<\/div><ol class=\"breadcrumbs text-small\" itemscope itemtype=\"https:\/\/schema.org\/BreadcrumbList\"><li itemprop=\"itemListElement\" itemscope itemtype=\"https:\/\/schema.org\/ListItem\"><a itemprop=\"item\" href=\"https:\/\/onlineinnovation.se\/\" title=\"Startsida\"><span itemprop=\"name\">Startsida<\/span><\/a><meta itemprop=\"position\" content=\"1\" \/><\/li><li class=\"current\" itemprop=\"itemListElement\" itemscope itemtype=\"https:\/\/schema.org\/ListItem\"><span itemprop=\"name\">Sida<\/span><meta itemprop=\"position\" content=\"2\" \/><\/li><\/ol><\/div>[\/vc_column][\/vc_row][vc_row type=&#8221;vc_default&#8221; css=&#8221;.vc_custom_1490276038258{padding-top: 70px !important;padding-bottom: 30px !important;}&#8221;][vc_column offset=&#8221;vc_col-lg-6 vc_col-md-6 vc_col-xs-12&#8243; css=&#8221;.vc_custom_1490268456882{padding-bottom: 50px !important;}&#8221;][vc_column_text]E-Handel \u00e4r ett mycket f\u00f6rm\u00e5nligt s\u00e4tt att g\u00f6ra aff\u00e4rer eftersom det f\u00f6rser f\u00f6retaget med m\u00e5nga bekv\u00e4mligheter och tid-sparande metoder.<\/p>\n<p>Entrepren\u00f6rer som jobbar hemifr\u00e5n, sm\u00e5 f\u00f6retag och stora koncerner runt om i v\u00e4rlden ser sina vinster \u00f6ka enormt n\u00e4r dem kompletterat sina f\u00f6rs\u00e4ljningskanaler med ett e-handelssystem.[\/vc_column_text]<div id=\"ultimate-heading-698969f0cd67eb629\" class=\"uvc-heading ult-adjust-bottom-margin ultimate-heading-698969f0cd67eb629 uvc-6554 accent-border-color\" data-hspacer=\"line_only\"  data-halign=\"left\" style=\"text-align:left\"><div class=\"uvc-main-heading ult-responsive\"  data-ultimate-target='.uvc-heading.ultimate-heading-698969f0cd67eb629 h2'  data-responsive-json-new='{\"font-size\":\"desktop:26px;\",\"line-height\":\"desktop:36px;\"}' ><h2 style=\"--font-weight:theme;margin-bottom:10px;\">Integration med tredjeparts API<\/h2><\/div><div class=\"uvc-heading-spacer line_only\" style=\"margin-bottom:45px;height:3px;\"><span class=\"uvc-headings-line\" style=\"border-style:solid;border-bottom-width:3px;border-color:#ccc;width:70px;\"><\/span><\/div><\/div>[vc_column_text]Inkorrekt eller bristf\u00e4lligt arbete; rapportering, inventarie, varufl\u00f6de och logistik hantering \u00e4r de huvudsakliga processerna som kan resultera i att ditt E-handels projekt misslyckas, dessa \u00e4r ocks\u00e5 de mest utmanande processerna att f\u00e5 till! Buggar h\u00e4r och d\u00e4r kan kosta dig pengar och negativt p\u00e5verka kundens upplevelse av ditt f\u00f6retag.<\/p>\n<p>Fr\u00e5n start-ups till koncerner, \u00e4r det avg\u00f6rande att back-officet av e-handelssystemet fungerar s\u00f6ml\u00f6st. Korrekt rapportering i god tid kan f\u00f6rs\u00e4kra om att de mest f\u00f6rnuftiga besluten blir tagna. Medans l\u00e4tt och snabb manipulation av data f\u00f6rs\u00e4krar dig om att du utnyttjar m\u00f6jligheter och effektiva processer maximalt. P\u00e5 detta s\u00e4ttet kan vi garantera att v\u00e5ra kunders f\u00f6rv\u00e4ntningar och m\u00e5l blir uppn\u00e5dda.<\/p>\n<p>Online Innovation har erfarenhet av integrationer med aff\u00e4rshanteringssystem s\u00e5som SAP, Navision, Pastel och liknande. Integrering med f\u00f6retagets aff\u00e4rshanteringssystem ger enorma f\u00f6rdelar &#8211; investering i att f\u00e5 detta r\u00e4tt redan fr\u00e5n b\u00f6rjan inneb\u00e4r stora besparingar och f\u00f6rdelar i det l\u00e5nga loppet.[\/vc_column_text]<div id=\"ultimate-heading-761569f0cd67eb682\" class=\"uvc-heading ult-adjust-bottom-margin ultimate-heading-761569f0cd67eb682 uvc-215 accent-border-color\" data-hspacer=\"line_only\"  data-halign=\"left\" style=\"text-align:left\"><div class=\"uvc-main-heading ult-responsive\"  data-ultimate-target='.uvc-heading.ultimate-heading-761569f0cd67eb682 h2'  data-responsive-json-new='{\"font-size\":\"desktop:26px;\",\"line-height\":\"desktop:36px;\"}' ><h2 style=\"--font-weight:theme;margin-bottom:10px;\">Vikten av Frakt och logistik<\/h2><\/div><div class=\"uvc-heading-spacer line_only\" style=\"margin-bottom:45px;height:3px;\"><span class=\"uvc-headings-line\" style=\"border-style:solid;border-bottom-width:3px;border-color:#ccc;width:70px;\"><\/span><\/div><\/div>[vc_column_text]Fraktprocessen i din e-handel kan b\u00e4ra eller brista, En felaktig fraktkalkylering kan kosta dig eller din kund massor av pengar och om man inte tar h\u00e4nsyn till frakten kan det g\u00f6ra totalkostnaden av ordern f\u00f6r dyr.[\/vc_column_text][\/vc_column][vc_column offset=&#8221;vc_col-lg-6 vc_col-md-6 vc_col-xs-12&#8243; css=&#8221;.vc_custom_1490268460084{padding-bottom: 50px !important;}&#8221;][vc_column_text]P\u00e5 Online Innovation har vi jobbat upp en superb f\u00f6rst\u00e5else av kurir och fraktindustrin i Sverige. V\u00e5ra kunder kan dra nytta fr\u00e5n v\u00e5r erfarenhet fr\u00e5n tidigare projekt men \u00e4ven av v\u00e5r kunskap om fraktprocesser och de APIer som fraktindustrin har att erbjuda[\/vc_column_text]<div id=\"ultimate-heading-118669f0cd67eb6cd\" class=\"uvc-heading ult-adjust-bottom-margin ultimate-heading-118669f0cd67eb6cd uvc-9949 accent-border-color\" data-hspacer=\"line_only\"  data-halign=\"left\" style=\"text-align:left\"><div class=\"uvc-main-heading ult-responsive\"  data-ultimate-target='.uvc-heading.ultimate-heading-118669f0cd67eb6cd h2'  data-responsive-json-new='{\"font-size\":\"desktop:26px;\",\"line-height\":\"desktop:36px;\"}' ><h2 style=\"--font-weight:theme;margin-bottom:10px;\">Betalningsalternativ och Betalningsapplikationer<\/h2><\/div><div class=\"uvc-heading-spacer line_only\" style=\"margin-bottom:45px;height:3px;\"><span class=\"uvc-headings-line\" style=\"border-style:solid;border-bottom-width:3px;border-color:#ccc;width:70px;\"><\/span><\/div><\/div>[vc_column_text]Vi har jobbat med E-handel i \u00f6ver 10 \u00e5r och det \u00e4r p\u00e5 grund av detta som vi kan skryta om de webbshoppar vi utvecklat genom \u00e5ren. \u00d6ver denna period har vi blivit utsatta f\u00f6r kreditkortshanteringstj\u00e4nster och betalningsl\u00f6sningar som m\u00e5ste vara alla i landet. V\u00e5rt utvecklingsteam delar denna erfarenhet med kunder och kan ge r\u00e5d kring de tj\u00e4nster som b\u00e4st kommer passa kundens betalningsl\u00f6snings behov[\/vc_column_text]<div id=\"ultimate-heading-998969f0cd67eb713\" class=\"uvc-heading ult-adjust-bottom-margin ultimate-heading-998969f0cd67eb713 uvc-1257 accent-border-color\" data-hspacer=\"line_only\"  data-halign=\"left\" style=\"text-align:left\"><div class=\"uvc-main-heading ult-responsive\"  data-ultimate-target='.uvc-heading.ultimate-heading-998969f0cd67eb713 h2'  data-responsive-json-new='{\"font-size\":\"desktop:26px;\",\"line-height\":\"desktop:36px;\"}' ><h2 style=\"--font-weight:theme;margin-bottom:10px;\">E-Handels Specialister<\/h2><\/div><div class=\"uvc-heading-spacer line_only\" style=\"margin-bottom:45px;height:3px;\"><span class=\"uvc-headings-line\" style=\"border-style:solid;border-bottom-width:3px;border-color:#ccc;width:70px;\"><\/span><\/div><\/div>[vc_column_text css=&#8221;.vc_custom_1560337362007{padding-bottom: 35px !important;}&#8221;]Online Innovation kan f\u00f6rse kunder med en enorm e-handels erfarenhet och expertis f\u00f6r att effektivt och professionellt etablera ditt f\u00f6retag online.<\/p>\n<p>V\u00e5ra webbutvecklare och konsulter \u00e4r formellt kvalificerade experter med en bred kunskap inom programmeringsspr\u00e5k och de b\u00e4sta aff\u00e4rsprocesserna. De \u00e4r passionerade kring den teknologi som driver den moderna v\u00e4rlden och investerar konstant sina egna f\u00e4rdigheter och kunskap f\u00f6r att h\u00e5lla sig uppdaterade kring de senaste teknologierna och trenderna som e-handel utvecklas av. Detta kan inkludera elektroniska \u00f6verf\u00f6ringar av medel, varufl\u00f6des hantering, internet marknadsf\u00f6ring, onlinetransaktions processering, inventariehantering, system och frakt.<\/p>\n<p>Vi kan f\u00f6rse f\u00f6retag med en omfattande e-handelsl\u00f6sning som integrerar de senaste teknologi och design principerna; och levererar dem fr\u00e5n open-source l\u00f6sningar f\u00f6r start-ups till de mest komplexa av enterprise e-aff\u00e4rs l\u00f6sningar &#8211; med rekommendationer som m\u00f6ter deras objektiv b\u00e4st.[\/vc_column_text][\/vc_column][\/vc_row]<\/p>\n<\/div>","protected":false},"excerpt":{"rendered":"<p>[vc_row bg_type=&#8221;image&#8221; parallax_style=&#8221;vcpb-vz-jquery&#8221; bg_image_new=&#8221;id^2278|url^https:\/\/onlineinnovation.se\/wp-content\/uploads\/2019\/06\/onlineinnovation-e-handel.jpg|caption^null|alt^null|title^onlineinnovation e-handel|description^null&#8221; bg_image_repeat=&#8221;no-repeat&#8221; bg_override=&#8221;ex-full&#8221; type=&#8221;vc_default&#8221; margin_top=&#8221;-50&#8243; css=&#8221;.vc_custom_1560337874013{padding-top: 10% !important;padding-bottom: 10% !important;background-color: #0b5482 !important;}&#8221;][vc_column offset=&#8221;vc_col-lg-12 vc_col-md-12&#8243; css=&#8221;.vc_custom_1526058643829{padding-top: 100px !important;padding-bottom: 20px !important;}&#8221;][\/vc_column][\/vc_row][vc_row type=&#8221;vc_default&#8221; css=&#8221;.vc_custom_1490276038258{padding-top: 70px !important;padding-bottom: 30px !important;}&#8221;][vc_column offset=&#8221;vc_col-lg-6 vc_col-md-6 vc_col-xs-12&#8243; css=&#8221;.vc_custom_1490268456882{padding-bottom: 50px !important;}&#8221;][vc_column_text]E-Handel \u00e4r ett mycket f\u00f6rm\u00e5nligt s\u00e4tt att g\u00f6ra aff\u00e4rer eftersom det f\u00f6rser f\u00f6retaget med m\u00e5nga bekv\u00e4mligheter och tid-sparande metoder. Entrepren\u00f6rer som&hellip;<\/p>\n","protected":false},"author":3,"featured_media":0,"parent":0,"menu_order":10,"comment_status":"closed","ping_status":"closed","template":"","meta":{"footnotes":""},"class_list":["post-2272","page","type-page","status-publish","hentry","description-off"],"_links":{"self":[{"href":"https:\/\/onlineinnovation.se\/index.php\/wp-json\/wp\/v2\/pages\/2272","targetHints":{"allow":["GET"]}}],"collection":[{"href":"https:\/\/onlineinnovation.se\/index.php\/wp-json\/wp\/v2\/pages"}],"about":[{"href":"https:\/\/onlineinnovation.se\/index.php\/wp-json\/wp\/v2\/types\/page"}],"author":[{"embeddable":true,"href":"https:\/\/onlineinnovation.se\/index.php\/wp-json\/wp\/v2\/users\/3"}],"replies":[{"embeddable":true,"href":"https:\/\/onlineinnovation.se\/index.php\/wp-json\/wp\/v2\/comments?post=2272"}],"version-history":[{"count":7,"href":"https:\/\/onlineinnovation.se\/index.php\/wp-json\/wp\/v2\/pages\/2272\/revisions"}],"predecessor-version":[{"id":2281,"href":"https:\/\/onlineinnovation.se\/index.php\/wp-json\/wp\/v2\/pages\/2272\/revisions\/2281"}],"wp:attachment":[{"href":"https:\/\/onlineinnovation.se\/index.php\/wp-json\/wp\/v2\/media?parent=2272"}],"curies":[{"name":"wp","href":"https:\/\/api.w.org\/{rel}","templated":true}]}}