{"id":2282,"date":"2019-06-20T09:32:39","date_gmt":"2019-06-20T09:32:39","guid":{"rendered":"https:\/\/onlineinnovation.se\/?page_id=2282"},"modified":"2019-06-20T09:32:39","modified_gmt":"2019-06-20T09:32:39","slug":"sociala-medier","status":"publish","type":"page","link":"https:\/\/onlineinnovation.se\/index.php\/sociala-medier\/","title":{"rendered":"Social Media Marknadsf\u00f6ring"},"content":{"rendered":"<div class=\"wpb-content-wrapper\"><p>[vc_row bg_type=&#8221;image&#8221; parallax_style=&#8221;vcpb-vz-jquery&#8221; bg_image_new=&#8221;id^2286|url^https:\/\/onlineinnovation.se\/wp-content\/uploads\/2019\/06\/online-innovation-social-media-facebook-fo\u0308r-fo\u0308retag.jpg|caption^null|alt^null|title^online innovation social media facebook fo\u0308r fo\u0308retag|description^null&#8221; bg_image_repeat=&#8221;no-repeat&#8221; bg_override=&#8221;ex-full&#8221; type=&#8221;vc_default&#8221; margin_top=&#8221;-50&#8243; css=&#8221;.vc_custom_1561022605356{padding-top: 10% !important;padding-bottom: 10% !important;background-color: #0b5482 !important;}&#8221;][vc_column offset=&#8221;vc_col-lg-12 vc_col-md-12&#8243; css=&#8221;.vc_custom_1526058643829{padding-top: 100px !important;padding-bottom: 20px !important;}&#8221;]<div id=\"ultimate-heading-777469f1ef71d4e0b\" class=\"uvc-heading ult-adjust-bottom-margin ultimate-heading-777469f1ef71d4e0b uvc-294 accent-subtitle-color\" data-hspacer=\"no_spacer\"  data-halign=\"center\" style=\"text-align:center\"><div class=\"uvc-heading-spacer no_spacer\" style=\"top\"><\/div><\/div><div class=\"ult-spacer spacer-69f1ef71d4e57\" data-id=\"69f1ef71d4e57\" data-height=\"80\" data-height-mobile=\"80\" data-height-tab=\"80\" data-height-tab-portrait=\"\" data-height-mobile-landscape=\"\" style=\"clear:both;display:block;\"><\/div><style type=\"text\/css\" data-type=\"the7_shortcodes-inline-css\">.dt-breadcrumbs-id-81fd1249f36a695bde73b848b379b3e1 .breadcrumbs {\n  display: inline-block;\n  margin: 0;\n  padding: 3px 10px 3px 10px;\n  background: rgba(255,255,255,0.15);\n  border: 0px solid rgba(255,255,255,0.25);\n  border-radius: 5px;\n}\n.dt-breadcrumbs-id-81fd1249f36a695bde73b848b379b3e1 .breadcrumbs * {\n  font-size: 13px;\n  line-height: 16px;\n  color: #ffffff;\n}<\/style><div class=\"dt-breadcrumbs-shortcode dt-breadcrumbs-id-81fd1249f36a695bde73b848b379b3e1 align-centre\"><div class=\"assistive-text\">Du \u00e4r h\u00e4r:<\/div><ol class=\"breadcrumbs text-small\" itemscope itemtype=\"https:\/\/schema.org\/BreadcrumbList\"><li itemprop=\"itemListElement\" itemscope itemtype=\"https:\/\/schema.org\/ListItem\"><a itemprop=\"item\" href=\"https:\/\/onlineinnovation.se\/\" title=\"Startsida\"><span itemprop=\"name\">Startsida<\/span><\/a><meta itemprop=\"position\" content=\"1\" \/><\/li><li class=\"current\" itemprop=\"itemListElement\" itemscope itemtype=\"https:\/\/schema.org\/ListItem\"><span itemprop=\"name\">Sida<\/span><meta itemprop=\"position\" content=\"2\" \/><\/li><\/ol><\/div>[\/vc_column][\/vc_row][vc_row type=&#8221;vc_default&#8221; css=&#8221;.vc_custom_1490276038258{padding-top: 70px !important;padding-bottom: 30px !important;}&#8221;][vc_column offset=&#8221;vc_col-lg-6 vc_col-md-6 vc_col-xs-12&#8243; css=&#8221;.vc_custom_1490268456882{padding-bottom: 50px !important;}&#8221;][vc_column_text]Sociala n\u00e4tverk har inte funnits allt f\u00f6r l\u00e4nge och det kommer att ta lite tid innan dem n\u00e5r sin fulla kapacitet och potential. Med det sagt, har dem redan blivit en del av hur vi lever v\u00e5ra liv och hur m\u00e5nga f\u00f6retag v\u00e4ljer att marknadsf\u00f6ra sig. Om du inte anv\u00e4nder sociala medier, underskatta inte inflytandet det har p\u00e5 resten av v\u00e4rlden. M\u00e5nga f\u00f6retag v\u00e4ljer att endast marknadsf\u00f6ra sig via sociala medier och genom \u201cinfluencers\u201d och f\u00e5r fantastiska resultat.<\/p>\n<p>Vi har studerat och jobbat med Facebook annonshantering f\u00f6r f\u00f6retag \u00e4nda sedan den sl\u00e4pptes och kan d\u00e4rf\u00f6r erbjuda v\u00e5ra kunder mycket effektiva marknadsf\u00f6ringstekniker genom denna fantastiska kanal, Facebook var f\u00f6rst med att utveckla en egen f\u00f6retagsplattform inom sitt sociala n\u00e4tverk, detta verktyg \u00e4r mycket v\u00e4lutvecklat samt kraftfullt och m\u00f6jligheterna \u00e4r o\u00e4ndliga. Med v\u00e5ra etablerade tekniker kan vi hj\u00e4lpa dig n\u00e5 ut med h\u00f6g precision till den r\u00e4tta m\u00e5lgruppen.[\/vc_column_text]<div id=\"ultimate-heading-510169f1ef71d504b\" class=\"uvc-heading ult-adjust-bottom-margin ultimate-heading-510169f1ef71d504b uvc-2415 accent-border-color\" data-hspacer=\"line_only\"  data-halign=\"left\" style=\"text-align:left\"><div class=\"uvc-main-heading ult-responsive\"  data-ultimate-target='.uvc-heading.ultimate-heading-510169f1ef71d504b h2'  data-responsive-json-new='{\"font-size\":\"desktop:26px;\",\"line-height\":\"desktop:36px;\"}' ><h2 style=\"--font-weight:theme;margin-bottom:10px;\">Social Medie Design<\/h2><\/div><div class=\"uvc-heading-spacer line_only\" style=\"margin-bottom:45px;height:3px;\"><span class=\"uvc-headings-line\" style=\"border-style:solid;border-bottom-width:3px;border-color:#ccc;width:70px;\"><\/span><\/div><div class=\"uvc-sub-heading ult-responsive\"  data-ultimate-target='.uvc-heading.ultimate-heading-510169f1ef71d504b .uvc-sub-heading '  data-responsive-json-new='{\"font-size\":\"\",\"line-height\":\"desktop:28px;\"}'  style=\"font-weight:normal;\"><\/p>\n<p><\/div><\/div>[vc_column_text]Facebook, Instagram, Twitter och m\u00e5nga av Google\u2019s tj\u00e4nster fr\u00e4mjar din verksamhet genom att erbjuda fantastiska medier som du kan anv\u00e4nda f\u00f6r att marknadsf\u00f6ra ditt varum\u00e4rke. Dessa tj\u00e4nster \u00e4r v\u00e4ldigt effektiva och fungerar som en frist\u00e5ende &#8221;mikro hemsida&#8221; eller helt integrerad i din existerande hemsida, dessa verktyg \u00e4r en kraftfull marknadsf\u00f6ringskanal med massiv potential &#8211; en kanal som v\u00e4xer med raketfart.[\/vc_column_text]<div id=\"ultimate-heading-826569f1ef71d5103\" class=\"uvc-heading ult-adjust-bottom-margin ultimate-heading-826569f1ef71d5103 uvc-5336 accent-border-color\" data-hspacer=\"line_only\"  data-halign=\"left\" style=\"text-align:left\"><div class=\"uvc-main-heading ult-responsive\"  data-ultimate-target='.uvc-heading.ultimate-heading-826569f1ef71d5103 h2'  data-responsive-json-new='{\"font-size\":\"desktop:26px;\",\"line-height\":\"desktop:36px;\"}' ><h2 style=\"--font-weight:theme;margin-bottom:10px;\">Social Medie Optimering<\/h2><\/div><div class=\"uvc-heading-spacer line_only\" style=\"margin-bottom:45px;height:3px;\"><span class=\"uvc-headings-line\" style=\"border-style:solid;border-bottom-width:3px;border-color:#ccc;width:70px;\"><\/span><\/div><\/div>[vc_column_text]M\u00e5nga av de olika sociala medierna s\u00e5som Facebook, Instagram och Snapchat och i mindre utstr\u00e4ckning YouTube och Twitter,\u00a0 erbjuder f\u00f6retagsprofiler. Detta ger ditt f\u00f6retag m\u00f6jligheten att s\u00e4tta sitt varum\u00e4rke p\u00e5 sidorna, vilket optimerar dem, n\u00e4r du g\u00f6r det skapas en mycket effektiv frist\u00e5ende &#8221;mikro hemsida&#8221;.<\/p>\n<p>Dessa n\u00e4tverk ger f\u00f6retag m\u00f6jligheten att komma n\u00e4rmare sina konsumenter genom att delta i konversationer och \u00f6vervaka vad konsumenter s\u00e4ger om dem &#8211; f\u00f6r att b\u00e4ttre kunna anpassa sin marknadsf\u00f6ring och sina f\u00f6retagstj\u00e4nster.<\/p>\n<p>[\/vc_column_text]<div id=\"ultimate-heading-730069f1ef71d5192\" class=\"uvc-heading ult-adjust-bottom-margin ultimate-heading-730069f1ef71d5192 uvc-3827 accent-border-color\" data-hspacer=\"line_only\"  data-halign=\"left\" style=\"text-align:left\"><div class=\"uvc-main-heading ult-responsive\"  data-ultimate-target='.uvc-heading.ultimate-heading-730069f1ef71d5192 h2'  data-responsive-json-new='{\"font-size\":\"desktop:26px;\",\"line-height\":\"desktop:36px;\"}' ><h2 style=\"--font-weight:theme;margin-bottom:10px;\">V\u00e4rvning av F\u00f6ljare, Delning och Prenumeration<\/h2><\/div><div class=\"uvc-heading-spacer line_only\" style=\"margin-bottom:45px;height:3px;\"><span class=\"uvc-headings-line\" style=\"border-style:solid;border-bottom-width:3px;border-color:#ccc;width:70px;\"><\/span><\/div><\/div>[vc_column_text]Facebook, Instagram, LinkedIn, Youtube och Twitter lockar enorma m\u00e4ngder trafik som vi redan etablerat, dessa plattformar kan gynna ditt f\u00f6retag enormt. De aktiva anv\u00e4ndarna p\u00e5 dessa n\u00e4tverk best\u00e5r av dina prospekt, partners, dina kunder och (gl\u00f6m inte) dina konkurrenter.<\/p>\n<p>Dessa hemsidor erbjuder en v\u00e4ldigt effektiv kommunikationskanal. Kunder och prospekt kommer kunna f\u00f6rklara f\u00f6r dig vad dem vill h\u00f6ra fr\u00e5n dig; f\u00f6lja dig om dem \u00e4r intresserade i vad du har att s\u00e4ga; och dela med sig av sina erfarenheter av ditt f\u00f6retag (b\u00e5de bra och d\u00e5liga) med andra.[\/vc_column_text][\/vc_column][vc_column offset=&#8221;vc_col-lg-6 vc_col-md-6 vc_col-xs-12&#8243; css=&#8221;.vc_custom_1490268460084{padding-bottom: 50px !important;}&#8221;][vc_column_text]Den huvudsakliga utmaningen \u00e4r v\u00e4rvning av prenumeranter och f\u00f6ljare, \u00f6vervakningen och \u00e5terkopplingen p\u00e5 klagom\u00e5l och fr\u00e5gor. V\u00e5ra klienter kan f\u00f6rlita sig p\u00e5 Online Innovations social media expertis och erfarenhet f\u00f6r optimala social media konverterings resultat.[\/vc_column_text]<div id=\"ultimate-heading-109169f1ef71d51fb\" class=\"uvc-heading ult-adjust-bottom-margin ultimate-heading-109169f1ef71d51fb uvc-6735 accent-border-color\" data-hspacer=\"line_only\"  data-halign=\"left\" style=\"text-align:left\"><div class=\"uvc-main-heading ult-responsive\"  data-ultimate-target='.uvc-heading.ultimate-heading-109169f1ef71d51fb h2'  data-responsive-json-new='{\"font-size\":\"desktop:26px;\",\"line-height\":\"desktop:36px;\"}' ><h2 style=\"--font-weight:theme;margin-bottom:10px;\">Plug-ins<\/h2><\/div><div class=\"uvc-heading-spacer line_only\" style=\"margin-bottom:45px;height:3px;\"><span class=\"uvc-headings-line\" style=\"border-style:solid;border-bottom-width:3px;border-color:#ccc;width:70px;\"><\/span><\/div><div class=\"uvc-sub-heading ult-responsive\"  data-ultimate-target='.uvc-heading.ultimate-heading-109169f1ef71d51fb .uvc-sub-heading '  data-responsive-json-new='{\"font-size\":\"\",\"line-height\":\"desktop:28px;\"}'  style=\"font-weight:normal;\"><\/p>\n<p><\/div><\/div>[vc_column_text]Sociala n\u00e4tverk s\u00e5som Facebook, Instagram och YouTube erbjuder plug-ins, appar, widgetar och fl\u00f6den som vi kan inkludera p\u00e5 din hemsida, vilket ger ytterligare m\u00f6jligheter f\u00f6r att v\u00e4rva fler f\u00f6ljare. Medans andra sociala n\u00e4tverk s\u00e5som Flickr, Google Maps, Google Analytics och Google Earth (f\u00f6r att n\u00e4mna n\u00e5gra) erbjuder APIer som vi kan anv\u00e4nda f\u00f6r att radikalt f\u00f6rb\u00e4ttra funktionaliteten av hemsidor med v\u00e4ldigt lite utl\u00e4gg.<\/p>\n<p>M\u00e5nga av dem, m\u00e5 vara bra att ha, men kan p\u00e5verka prestandan av hemsidan, d\u00e4rf\u00f6r \u00e4r det viktigt att ta h\u00e4nsyn till detta innan implementation. Vi kan dela med oss av v\u00e5ra tidigare implementationserfarenheter med dig och ge dig r\u00e5d kring vad som passar ditt behov b\u00e4st.<\/p>\n<p>[\/vc_column_text]<div id=\"ultimate-heading-319869f1ef71d526a\" class=\"uvc-heading ult-adjust-bottom-margin ultimate-heading-319869f1ef71d526a uvc-2311 accent-border-color\" data-hspacer=\"line_only\"  data-halign=\"left\" style=\"text-align:left\"><div class=\"uvc-main-heading ult-responsive\"  data-ultimate-target='.uvc-heading.ultimate-heading-319869f1ef71d526a h2'  data-responsive-json-new='{\"font-size\":\"desktop:26px;\",\"line-height\":\"desktop:36px;\"}' ><h2 style=\"--font-weight:theme;margin-bottom:10px;\">Social Media Specialister<\/h2><\/div><div class=\"uvc-heading-spacer line_only\" style=\"margin-bottom:45px;height:3px;\"><span class=\"uvc-headings-line\" style=\"border-style:solid;border-bottom-width:3px;border-color:#ccc;width:70px;\"><\/span><\/div><\/div>[vc_column_text css=&#8221;.vc_custom_1561022080845{padding-bottom: 35px !important;}&#8221;]V\u00e5ran f\u00f6rdjupade f\u00f6rst\u00e5else av webbens f\u00f6rvecklingar och dynamiken av de sociala n\u00e4tverks tj\u00e4nsterna ger oss m\u00f6jligheten att ge dig r\u00e5d kring och implementera strategier som n\u00e5r upp till dina m\u00e5l med sociala medier genom att:<\/p>\n<ul>\n<li>Utnyttja de sociala n\u00e4tverkens plug-ins, fl\u00f6den och APIer f\u00f6r att f\u00f6rb\u00e4ttra din hemsida med v\u00e4ldigt l\u00e5g investering.<\/li>\n<li>Interagera med dina kunder medans de \u00e4r online och ge ytterligare m\u00f6jligheter att driva in kunder till din hemsida;<\/li>\n<li>Genom att skr\u00e4ddarsy och personifiera din sida, vi kan f\u00f6rs\u00e4kra att din n\u00e4rvaro p\u00e5 sociala medier ger r\u00e4tt utstr\u00e5lning f\u00f6r ditt varum\u00e4rke<\/li>\n<\/ul>\n<p>G\u00e5tan kring social media optimering \u00e4r att sociala medie plattformar konstant utvecklas och \u00e4ndras &#8211; och det finns s\u00e5 m\u00e5nga. Vem ska du jobba ihop med? Vem jobbar din m\u00e5lgrupp med? Hur \u00f6vervakar du dem? Hur skapar du inl\u00e4gg till allihopa? Listan forts\u00e4tter. Det har blivit v\u00e4ldigt enkelt att ta en &#8221;felaktig sv\u00e4ng&#8221; eller &#8221;satsa p\u00e5 fel h\u00e4st&#8221;, vilket ofta resulterar i v\u00e4ldigt h\u00e5rda konsekvenser.<\/p>\n<p>P\u00e5 Online Innovation spenderar vi mycket tid p\u00e5 att h\u00e5lla oss ajour p\u00e5 hur man drar full nytta av sociala medier &#8211; hur dem samarbetar med varandra, vilken deras publik \u00e4r och hur den fungerar. Vi kan erbjuda auktoritativ r\u00e5dgivning kring social media optimering, vilket maximerar din r\u00e4ckvidd och om det beh\u00f6vs, kan vi sk\u00f6ta hela processen f\u00f6r dig.<\/p>\n<p>[\/vc_column_text][\/vc_column][\/vc_row]<\/p>\n<\/div>","protected":false},"excerpt":{"rendered":"<p>[vc_row bg_type=&#8221;image&#8221; parallax_style=&#8221;vcpb-vz-jquery&#8221; bg_image_new=&#8221;id^2286|url^https:\/\/onlineinnovation.se\/wp-content\/uploads\/2019\/06\/online-innovation-social-media-facebook-fo\u0308r-fo\u0308retag.jpg|caption^null|alt^null|title^online innovation social media facebook fo\u0308r fo\u0308retag|description^null&#8221; bg_image_repeat=&#8221;no-repeat&#8221; bg_override=&#8221;ex-full&#8221; type=&#8221;vc_default&#8221; margin_top=&#8221;-50&#8243; css=&#8221;.vc_custom_1561022605356{padding-top: 10% !important;padding-bottom: 10% !important;background-color: #0b5482 !important;}&#8221;][vc_column offset=&#8221;vc_col-lg-12 vc_col-md-12&#8243; css=&#8221;.vc_custom_1526058643829{padding-top: 100px !important;padding-bottom: 20px !important;}&#8221;][\/vc_column][\/vc_row][vc_row type=&#8221;vc_default&#8221; css=&#8221;.vc_custom_1490276038258{padding-top: 70px !important;padding-bottom: 30px !important;}&#8221;][vc_column offset=&#8221;vc_col-lg-6 vc_col-md-6 vc_col-xs-12&#8243; css=&#8221;.vc_custom_1490268456882{padding-bottom: 50px !important;}&#8221;][vc_column_text]Sociala n\u00e4tverk har inte funnits allt f\u00f6r l\u00e4nge och det kommer att ta lite tid innan&hellip;<\/p>\n","protected":false},"author":3,"featured_media":0,"parent":0,"menu_order":10,"comment_status":"closed","ping_status":"closed","template":"","meta":{"footnotes":""},"class_list":["post-2282","page","type-page","status-publish","hentry","description-off"],"_links":{"self":[{"href":"https:\/\/onlineinnovation.se\/index.php\/wp-json\/wp\/v2\/pages\/2282","targetHints":{"allow":["GET"]}}],"collection":[{"href":"https:\/\/onlineinnovation.se\/index.php\/wp-json\/wp\/v2\/pages"}],"about":[{"href":"https:\/\/onlineinnovation.se\/index.php\/wp-json\/wp\/v2\/types\/page"}],"author":[{"embeddable":true,"href":"https:\/\/onlineinnovation.se\/index.php\/wp-json\/wp\/v2\/users\/3"}],"replies":[{"embeddable":true,"href":"https:\/\/onlineinnovation.se\/index.php\/wp-json\/wp\/v2\/comments?post=2282"}],"version-history":[{"count":16,"href":"https:\/\/onlineinnovation.se\/index.php\/wp-json\/wp\/v2\/pages\/2282\/revisions"}],"predecessor-version":[{"id":2300,"href":"https:\/\/onlineinnovation.se\/index.php\/wp-json\/wp\/v2\/pages\/2282\/revisions\/2300"}],"wp:attachment":[{"href":"https:\/\/onlineinnovation.se\/index.php\/wp-json\/wp\/v2\/media?parent=2282"}],"curies":[{"name":"wp","href":"https:\/\/api.w.org\/{rel}","templated":true}]}}