{"id":2344,"date":"2019-07-22T09:56:58","date_gmt":"2019-07-22T09:56:58","guid":{"rendered":"https:\/\/onlineinnovation.se\/?page_id=2344"},"modified":"2019-07-22T16:57:27","modified_gmt":"2019-07-22T16:57:27","slug":"webbutveckling","status":"publish","type":"page","link":"https:\/\/onlineinnovation.se\/index.php\/webbutveckling\/","title":{"rendered":"Webbutveckling"},"content":{"rendered":"<div class=\"wpb-content-wrapper\"><p>[vc_row bg_type=&#8221;image&#8221; parallax_style=&#8221;vcpb-vz-jquery&#8221; bg_image_new=&#8221;id^2350|url^https:\/\/onlineinnovation.se\/wp-content\/uploads\/2019\/07\/Online-Innovation-Utveckling-2.jpg|caption^null|alt^null|title^Online Innovation Utveckling 2|description^null&#8221; bg_image_repeat=&#8221;no-repeat&#8221; bg_override=&#8221;ex-full&#8221; type=&#8221;vc_default&#8221; margin_top=&#8221;-50&#8243; css=&#8221;.vc_custom_1563810666974{padding-top: 10% !important;padding-bottom: 10% !important;background-color: #0b5482 !important;}&#8221;][vc_column offset=&#8221;vc_col-lg-12 vc_col-md-12&#8243; css=&#8221;.vc_custom_1526058643829{padding-top: 100px !important;padding-bottom: 20px !important;}&#8221;]<div id=\"ultimate-heading-33869f0d001b3e2c\" class=\"uvc-heading ult-adjust-bottom-margin ultimate-heading-33869f0d001b3e2c uvc-3483 accent-subtitle-color\" data-hspacer=\"no_spacer\"  data-halign=\"center\" style=\"text-align:center\"><div class=\"uvc-heading-spacer no_spacer\" style=\"top\"><\/div><div class=\"uvc-main-heading ult-responsive\"  data-ultimate-target='.uvc-heading.ultimate-heading-33869f0d001b3e2c h2'  data-responsive-json-new='{\"font-size\":\"desktop:70px;mobile_landscape:30px;\",\"line-height\":\"desktop:80px;mobile_landscape:40px;\"}' ><h2 style=\"--font-weight:theme;color:#ffffff;\"> Webb &amp; Programvaruutveckling<\/h2><\/div><\/div><style type=\"text\/css\" data-type=\"the7_shortcodes-inline-css\">.dt-breadcrumbs-id-81fd1249f36a695bde73b848b379b3e1 .breadcrumbs {\n  display: inline-block;\n  margin: 0;\n  padding: 3px 10px 3px 10px;\n  background: rgba(255,255,255,0.15);\n  border: 0px solid rgba(255,255,255,0.25);\n  border-radius: 5px;\n}\n.dt-breadcrumbs-id-81fd1249f36a695bde73b848b379b3e1 .breadcrumbs * {\n  font-size: 13px;\n  line-height: 16px;\n  color: #ffffff;\n}<\/style><div class=\"dt-breadcrumbs-shortcode dt-breadcrumbs-id-81fd1249f36a695bde73b848b379b3e1 align-centre\"><div class=\"assistive-text\">Du \u00e4r h\u00e4r:<\/div><ol class=\"breadcrumbs text-small\" itemscope itemtype=\"https:\/\/schema.org\/BreadcrumbList\"><li itemprop=\"itemListElement\" itemscope itemtype=\"https:\/\/schema.org\/ListItem\"><a itemprop=\"item\" href=\"https:\/\/onlineinnovation.se\/\" title=\"Startsida\"><span itemprop=\"name\">Startsida<\/span><\/a><meta itemprop=\"position\" content=\"1\" \/><\/li><li class=\"current\" itemprop=\"itemListElement\" itemscope itemtype=\"https:\/\/schema.org\/ListItem\"><span itemprop=\"name\">Sida<\/span><meta itemprop=\"position\" content=\"2\" \/><\/li><\/ol><\/div>[\/vc_column][\/vc_row][vc_row type=&#8221;vc_default&#8221; css=&#8221;.vc_custom_1490276038258{padding-top: 70px !important;padding-bottom: 30px !important;}&#8221;][vc_column offset=&#8221;vc_col-lg-6 vc_col-md-6 vc_col-xs-12&#8243; css=&#8221;.vc_custom_1490268456882{padding-bottom: 50px !important;}&#8221;][vc_column_text]Vi har \u00f6ver 19\u00e5rs erfarenhet av webbutveckling och \u00e4r experter p\u00e5 att utveckla hemsidor som \u00e4r v\u00e4ldigt anv\u00e4ndarv\u00e4nliga och enkla att hantera. V\u00e5rt Inneh\u00e5lls hantering system (CMS) \u00e4r enkelt att anv\u00e4nda, men du kan ocks\u00e5 l\u00e5ta oss sk\u00f6ta l\u00f6pande uppdateringar f\u00f6r dig. Ta en titt nedan p\u00e5 allt vi har att erbjuda n\u00e4r det g\u00e4ller utveckling.[\/vc_column_text]<div id=\"ultimate-heading-914269f0d001b3fde\" class=\"uvc-heading ult-adjust-bottom-margin ultimate-heading-914269f0d001b3fde uvc-7880 accent-border-color\" data-hspacer=\"line_only\"  data-halign=\"left\" style=\"text-align:left\"><div class=\"uvc-main-heading ult-responsive\"  data-ultimate-target='.uvc-heading.ultimate-heading-914269f0d001b3fde h2'  data-responsive-json-new='{\"font-size\":\"desktop:26px;\",\"line-height\":\"desktop:36px;\"}' ><h2 style=\"--font-weight:theme;margin-bottom:10px;\">Webbutveckling<\/h2><\/div><div class=\"uvc-heading-spacer line_only\" style=\"margin-bottom:45px;height:3px;\"><span class=\"uvc-headings-line\" style=\"border-style:solid;border-bottom-width:3px;border-color:#ccc;width:70px;\"><\/span><\/div><\/div>[vc_column_text]I webbindustrin brukar webbutveckling vara klassat som kodning och arbete med HTML eller k\u00e4llkod &#8211; ist\u00e4llet f\u00f6r skapandet av utseendet och k\u00e4nslan av en hemsida.<\/p>\n<p>V\u00e5rt webbutvecklings team t\u00e4nker l\u00e4ngre \u00e4n den visuella effekten av hemsidan, och tar \u00e4ven h\u00e4nsyn till andra faktorer s\u00e5som anv\u00e4ndarv\u00e4nligheten av hemsidan, att sidan \u00e4r l\u00e4ttsk\u00f6tt och genom att h\u00e5lla sig till kvalificerade arbetss\u00e4tt och hemside standarder. Vi tar ocks\u00e5 h\u00e4nsyn till s\u00f6kmotor v\u00e4nlighet och s\u00f6koptimering fr\u00e5n f\u00f6rsta stund vi b\u00f6rjar arbeta med din hemsida. &#8211; Sj\u00e4lvklart ser vi ocks\u00e5 till att hemsidan tj\u00e4nar och n\u00e5r sitt huvudsyfte.[\/vc_column_text]<div id=\"ultimate-heading-487569f0d001b4034\" class=\"uvc-heading ult-adjust-bottom-margin ultimate-heading-487569f0d001b4034 uvc-8800 accent-border-color\" data-hspacer=\"line_only\"  data-halign=\"left\" style=\"text-align:left\"><div class=\"uvc-main-heading ult-responsive\"  data-ultimate-target='.uvc-heading.ultimate-heading-487569f0d001b4034 h2'  data-responsive-json-new='{\"font-size\":\"desktop:26px;\",\"line-height\":\"desktop:36px;\"}' ><h2 style=\"--font-weight:theme;margin-bottom:10px;\">Inneh\u00e5llshantering System (CMS)<\/h2><\/div><div class=\"uvc-heading-spacer line_only\" style=\"margin-bottom:45px;height:3px;\"><span class=\"uvc-headings-line\" style=\"border-style:solid;border-bottom-width:3px;border-color:#ccc;width:70px;\"><\/span><\/div><\/div>[vc_column_text]Alla hemsidor vi bygger p\u00e5 diverse plattformar har ett inneh\u00e5llshanterings system som \u00e4r p\u00e5litligt och enkelt att anv\u00e4nda. Detta komplementerar en hemsida genom att f\u00f6rse \u00e4garen av hemsidan med verktyg f\u00f6r att kunna hantera sidans inneh\u00e5ll sj\u00e4lv. CMS g\u00f6r det enklare f\u00f6r \u00e4garen att hantera hemsidans navigation, SEO, inneh\u00e5ll och annat s\u00e5som bilder och videor.<\/p>\n<p>Vi har \u00e4ven ett eget CMS system som vi kan implementera i de fall d\u00e4r det beh\u00f6vs, vilket betyder att vi kan utveckla hemsidor kring kundens unika krav. Detta f\u00f6rs\u00e4krar inte bara en \u00f6kad s\u00e4kerhet utan \u00e4ven en snabbare l\u00f6sning n\u00e4r vi uppdaterar, uppgraderar eller fels\u00f6ker hemsidor.[\/vc_column_text]<div id=\"ultimate-heading-427669f0d001b408a\" class=\"uvc-heading ult-adjust-bottom-margin ultimate-heading-427669f0d001b408a uvc-8206 accent-border-color\" data-hspacer=\"line_only\"  data-halign=\"left\" style=\"text-align:left\"><div class=\"uvc-main-heading ult-responsive\"  data-ultimate-target='.uvc-heading.ultimate-heading-427669f0d001b408a h2'  data-responsive-json-new='{\"font-size\":\"desktop:26px;\",\"line-height\":\"desktop:36px;\"}' ><h2 style=\"--font-weight:theme;margin-bottom:10px;\">Digitalisering och System integration<\/h2><\/div><div class=\"uvc-heading-spacer line_only\" style=\"margin-bottom:45px;height:3px;\"><span class=\"uvc-headings-line\" style=\"border-style:solid;border-bottom-width:3px;border-color:#ccc;width:70px;\"><\/span><\/div><\/div>[vc_column_text]Idag finns det m\u00e5nga digital l\u00f6sningar som kan hj\u00e4lpa ditt f\u00f6retag att sk\u00e4ra ner p\u00e5 kostnader och spara massor av v\u00e4rdefull tid. Det finns l\u00f6sningar f\u00f6r att effektivisera de flesta processer som f\u00f6rs\u00e4ljningar, CRM, support, produktion, ink\u00f6p och bokf\u00f6ring. Genom att anamma digitaliseringen kan ditt f\u00f6retag sk\u00e4ra ner p\u00e5 kostnader, \u00f6ka f\u00f6rs\u00e4ljning och generera fler leads samt f\u00f6rb\u00e4ttra er service.[\/vc_column_text][\/vc_column][vc_column offset=&#8221;vc_col-lg-6 vc_col-md-6 vc_col-xs-12&#8243; css=&#8221;.vc_custom_1490268460084{padding-bottom: 50px !important;}&#8221;][vc_column_text]V\u00e5rt m\u00e5l \u00e4r att hj\u00e4lpa till och r\u00e5dgiva ditt f\u00f6retag om hur man utnyttjar dessa webb teknologier som kan hj\u00e4lpa f\u00f6retaget jobba smartare och inte h\u00e5rdare. Online Innovation skr\u00e4ddarsyr digitala l\u00f6sningar f\u00f6r att passa sitt varum\u00e4rke och klienter- vilket g\u00f6r det m\u00f6jligt f\u00f6r oss att med s\u00e4kerhet kunna erbjuda en digitaliserings tj\u00e4nst f\u00f6r ditt f\u00f6retag som vi vet kommer ta ert f\u00f6retag till nya niv\u00e5er.[\/vc_column_text]<div id=\"ultimate-heading-584769f0d001b40cc\" class=\"uvc-heading ult-adjust-bottom-margin ultimate-heading-584769f0d001b40cc uvc-5966 accent-border-color\" data-hspacer=\"line_only\"  data-halign=\"left\" style=\"text-align:left\"><div class=\"uvc-main-heading ult-responsive\"  data-ultimate-target='.uvc-heading.ultimate-heading-584769f0d001b40cc h2'  data-responsive-json-new='{\"font-size\":\"desktop:26px;\",\"line-height\":\"desktop:36px;\"}' ><h2 style=\"--font-weight:theme;margin-bottom:10px;\">Webb applikationsutveckling<\/h2><\/div><div class=\"uvc-heading-spacer line_only\" style=\"margin-bottom:45px;height:3px;\"><span class=\"uvc-headings-line\" style=\"border-style:solid;border-bottom-width:3px;border-color:#ccc;width:70px;\"><\/span><\/div><\/div>[vc_column_text css=&#8221;.vc_custom_1563789334737{padding-bottom: 35px !important;}&#8221;]En webbapplikation \u00e4r en mjukvara som anv\u00e4ndaren interagerar med direkt i sin webbl\u00e4sare. Webbapplikationer v\u00e4xer i popularitet f\u00f6r att dem kan bli uppdaterade och servade utan att beh\u00f6va distribuera eller installera mjukvara p\u00e5 datorer och f\u00f6r dess grymma \u201dcross-plattform\u201d kompabilitet.<\/p>\n<p>P\u00e5 Online Innovation ser vi l\u00e4ngre \u00e4n bara utveckling av en ensamst\u00e5ende mjukvaruapplikation, vi specialiserar oss p\u00e5 att ta oss an och effektivisera ditt f\u00f6retags processer online.[\/vc_column_text]<div id=\"ultimate-heading-862169f0d001b410c\" class=\"uvc-heading ult-adjust-bottom-margin ultimate-heading-862169f0d001b410c uvc-8444 accent-border-color\" data-hspacer=\"line_only\"  data-halign=\"left\" style=\"text-align:left\"><div class=\"uvc-main-heading ult-responsive\"  data-ultimate-target='.uvc-heading.ultimate-heading-862169f0d001b410c h2'  data-responsive-json-new='{\"font-size\":\"desktop:26px;\",\"line-height\":\"desktop:36px;\"}' ><h2 style=\"--font-weight:theme;margin-bottom:10px;\">Web Applikation och Mjukvaruspecialister<\/h2><\/div><div class=\"uvc-heading-spacer line_only\" style=\"margin-bottom:45px;height:3px;\"><span class=\"uvc-headings-line\" style=\"border-style:solid;border-bottom-width:3px;border-color:#ccc;width:70px;\"><\/span><\/div><\/div>[vc_column_text css=&#8221;.vc_custom_1563789372357{padding-bottom: 35px !important;}&#8221;]Mjukvaruutvecklarna p\u00e5 Online innovation \u00e4r passionerade kring teknologi som driver den moderna v\u00e4rlden. De \u00e4r alla kvalificerade tj\u00e4nstem\u00e4n med expertkunskap av databasteknologier och programmeringsspr\u00e5k s\u00e5som PHP, ASP &amp; .NET, ActionScript 2.0 och 3.0 samt HTML.<\/p>\n<p>&nbsp;<\/p>\n<p>&nbsp;<\/p>\n<h2><\/h2>\n<p>[\/vc_column_text]<div id=\"ultimate-heading-546669f0d001b415c\" class=\"uvc-heading ult-adjust-bottom-margin ultimate-heading-546669f0d001b415c uvc-2616 accent-border-color\" data-hspacer=\"line_only\"  data-halign=\"left\" style=\"text-align:left\"><div class=\"uvc-main-heading ult-responsive\"  data-ultimate-target='.uvc-heading.ultimate-heading-546669f0d001b415c h2'  data-responsive-json-new='{\"font-size\":\"desktop:26px;\",\"line-height\":\"desktop:36px;\"}' ><h2 style=\"--font-weight:theme;margin-bottom:10px;\">Mjukvaruutvecklings erfarenhet<\/h2><\/div><div class=\"uvc-heading-spacer line_only\" style=\"margin-bottom:45px;height:3px;\"><span class=\"uvc-headings-line\" style=\"border-style:solid;border-bottom-width:3px;border-color:#ccc;width:70px;\"><\/span><\/div><\/div>[vc_column_text css=&#8221;.vc_custom_1563789406228{padding-bottom: 35px !important;}&#8221;]Sen v\u00e5r etablering 1990, har v\u00e5rt team samlat p\u00e5 sig en rikedom av kunskap och erfarenhet genom att bli utsatt f\u00f6r (f\u00f6rmodligen) alla nyckelprocesser i sm\u00e5 &amp; stora f\u00f6retag. V\u00e5rt team ser alltid till att dela med sig av dessa erfarenheter med kunder s\u00e5 att dem kan k\u00e4nna sig bekv\u00e4ma med att de nya projekten blir byggda och baserade p\u00e5 framg\u00e5ngen av tidigare projekt.<\/p>\n<p>Online Innovation kan erbjuda dig omfattande l\u00f6sningar online som utnyttjar den senaste tekniken. Vi kan ocks\u00e5 utveckla allt fr\u00e5n den simplaste hemsidan till den mest komplexa webbapplikationen.<\/p>\n<p>&nbsp;<\/p>\n<p>&nbsp;<\/p>\n<h2><\/h2>\n<p>[\/vc_column_text][\/vc_column][\/vc_row]<\/p>\n<\/div>","protected":false},"excerpt":{"rendered":"<p>[vc_row bg_type=&#8221;image&#8221; parallax_style=&#8221;vcpb-vz-jquery&#8221; bg_image_new=&#8221;id^2350|url^https:\/\/onlineinnovation.se\/wp-content\/uploads\/2019\/07\/Online-Innovation-Utveckling-2.jpg|caption^null|alt^null|title^Online Innovation Utveckling 2|description^null&#8221; bg_image_repeat=&#8221;no-repeat&#8221; bg_override=&#8221;ex-full&#8221; type=&#8221;vc_default&#8221; margin_top=&#8221;-50&#8243; css=&#8221;.vc_custom_1563810666974{padding-top: 10% !important;padding-bottom: 10% !important;background-color: #0b5482 !important;}&#8221;][vc_column offset=&#8221;vc_col-lg-12 vc_col-md-12&#8243; css=&#8221;.vc_custom_1526058643829{padding-top: 100px !important;padding-bottom: 20px !important;}&#8221;][\/vc_column][\/vc_row][vc_row type=&#8221;vc_default&#8221; css=&#8221;.vc_custom_1490276038258{padding-top: 70px !important;padding-bottom: 30px !important;}&#8221;][vc_column offset=&#8221;vc_col-lg-6 vc_col-md-6 vc_col-xs-12&#8243; css=&#8221;.vc_custom_1490268456882{padding-bottom: 50px !important;}&#8221;][vc_column_text]Vi har \u00f6ver 19\u00e5rs erfarenhet av webbutveckling och \u00e4r experter p\u00e5 att utveckla hemsidor som \u00e4r v\u00e4ldigt anv\u00e4ndarv\u00e4nliga och&hellip;<\/p>\n","protected":false},"author":3,"featured_media":0,"parent":0,"menu_order":10,"comment_status":"closed","ping_status":"closed","template":"","meta":{"footnotes":""},"class_list":["post-2344","page","type-page","status-publish","hentry","description-off"],"_links":{"self":[{"href":"https:\/\/onlineinnovation.se\/index.php\/wp-json\/wp\/v2\/pages\/2344","targetHints":{"allow":["GET"]}}],"collection":[{"href":"https:\/\/onlineinnovation.se\/index.php\/wp-json\/wp\/v2\/pages"}],"about":[{"href":"https:\/\/onlineinnovation.se\/index.php\/wp-json\/wp\/v2\/types\/page"}],"author":[{"embeddable":true,"href":"https:\/\/onlineinnovation.se\/index.php\/wp-json\/wp\/v2\/users\/3"}],"replies":[{"embeddable":true,"href":"https:\/\/onlineinnovation.se\/index.php\/wp-json\/wp\/v2\/comments?post=2344"}],"version-history":[{"count":4,"href":"https:\/\/onlineinnovation.se\/index.php\/wp-json\/wp\/v2\/pages\/2344\/revisions"}],"predecessor-version":[{"id":2351,"href":"https:\/\/onlineinnovation.se\/index.php\/wp-json\/wp\/v2\/pages\/2344\/revisions\/2351"}],"wp:attachment":[{"href":"https:\/\/onlineinnovation.se\/index.php\/wp-json\/wp\/v2\/media?parent=2344"}],"curies":[{"name":"wp","href":"https:\/\/api.w.org\/{rel}","templated":true}]}}